{"id":496,"date":"2017-07-29T12:55:24","date_gmt":"2017-07-29T10:55:24","guid":{"rendered":"http:\/\/www.studiopiu.net\/portalnew\/?page_id=496"},"modified":"2018-12-15T00:27:20","modified_gmt":"2018-12-14T23:27:20","slug":"privacy-e-condizioni-sito","status":"publish","type":"page","link":"https:\/\/www.studiopiu.net\/wordpressnew\/privacy-e-condizioni-sito\/","title":{"rendered":"Privacy e condizioni sito"},"content":{"rendered":"<p>L\u2019Radio Studio Pi\u00f9 S.r.l. (di seguito, Studio Pi\u00f9) manifesta il proprio impegno e la propria attenzione al trattamento dei dati personali degli utenti del sito web di seguito, il Sito, attraverso l\u2019adozione di una politica di riservatezza dei dati personali conforme alla disciplina del vigente Codice in materia di protezione dei dati personali (di seguito, il \u201cCodice della Privacy\u201d), contenuto nel Decreto Legislativo 30 giugno 2003, n. 196.<\/p>\n<p>In questa pagina si descrivono le modalit\u00e0 di trattamento dei dati personali degli utenti che consultano il Sito, attraverso un\u2019apposita informativa che viene resa, ai sensi dell&#8217;art. 13 del Codice della Privacy, a tutti coloro che interagiscono con i servizi web resi da Studio Pi\u00f9, accessibili per via telematica a partire dall\u2019indirizzo: www.studiopiu.net, www.radiostudiopiu.it, www.607080.it corrispondente alla home page ufficiale del Sito<br \/>\nL\u2019informativa \u00e8 resa solo per il Sito e non anche per altri siti web eventualmente consultati dall\u2019utente tramite link accessibili dal sito.<\/p>\n<p>L\u2019informativa resa nella presente pagina, tiene conto anche della Raccomandazione n. 2\/2001 che le Autorit\u00e0 europee per la protezione dei dati personali, riunite nel Gruppo istituito dall\u2019art. 29 della direttiva n. 95\/46\/CE, hanno adottato in data 17 maggio 2001, per individuare alcuni requisiti minimi per la raccolta di dati personali on-line, quali, in particolare le modalit\u00e0, i tempi e la natura delle informazioni che i titolari del trattamento devono fornire agli utenti quando questi si collegano a pagine web, indipendentemente dagli scopi del collegamento.<\/p>\n<p><strong>Tipologia dei dati trattati e finalit\u00e0 del trattamento<\/strong><\/p>\n<p>La navigazione all\u2019interno del Sito \u00e8 libera e non richiede alcuna registrazione da parte dell\u2019utente ad eccezione dei casi in cui la raccolta dei dati personali sia necessaria per il conseguimento di determinate finalit\u00e0 quali, a titolo esemplificativo: rendere fruibili determinati servizi a pagamento, richiedere informazioni commerciali in merito ai servizi dell\u2019Studio Pi\u00f9, consentire la partecipazione ad un forum, inviare un curriculum vitae o inviare messaggi di posta elettronica agli indirizzi indicati nel Sito.<\/p>\n<p>Durante l\u2019accesso al Sito si possono quindi distinguere i dati derivanti dalla sola navigazione dell\u2019utente, dai dati resi volontariamente dall\u2019utente in relazione a determinate finalit\u00e0.<\/p>\n<p><strong><br \/>\nDati derivanti dalla navigazione dell\u2019utente<\/strong><\/p>\n<p>I sistemi informatici e le procedure software preposte al funzionamento del Sito acquisiscono, nel corso del loro normale esercizio, alcuni dati la cui trasmissione \u00e8 implicita nell\u2019uso dei protocolli di comunicazione di Internet.<br \/>\nSi tratta di informazioni che non sono raccolte per essere associate a interessati identificati, ma che per loro stessa natura potrebbero, attraverso elaborazioni ed associazioni con dati detenuti da terzi permettere di identificare gli utenti. Tali attivit\u00e0 di elaborazione ed associazione dei dati nonsono mai svolte o commissionale da Studio Pi\u00f9 a soggetti terzi.<\/p>\n<p>In questa categoria di dati rientrano gli indirizzi IP o i nomi a dominio dei computer utilizzati dagli utenti che si connettono al Sito, gli indirizzi in notazione URI (Uniform Resource Identifier) delle risorse richieste, l\u2019orario della richiesta, il metodo utilizzato nel sottoporre la richiesta al server, la dimensione del file ottenuto in risposta, il codice numerico indicante lo stato della risposta data dal server (buon fine, errore, ecc.) ed altri parametri relativi al sistema operativo e all\u2019ambiente informatico dell\u2019utente.<\/p>\n<p>Questi dati vengono utilizzati da Studio Pi\u00f9 esclusivamente in forma anonima e per finalit\u00e0 statistiche connesse all\u2019uso del Sito e al suo corretto funzionamento. I dati potrebbero essere utilizzati e conservati in caso di sospetti reati informatici ai danni del Sito, per i quali Studio Pi\u00f9 si riserva di ricorrere alle autorit\u00e0 competenti all\u2019accertamento delle eventuali responsabilit\u00e0.<\/p>\n<p><strong>Dati resi volontariamente dall\u2019utente<\/strong><\/p>\n<p>I dati personali forniti dagli utenti che volontariamente interagiscono con il Sito, conferendo i propri dati personali a Studio Pi\u00f9 per il conseguimento di determinati servizi (servizi a pagamento, richieste di informazioni commerciali, partecipazione ad un forum, invio di un curriculum vitae o di messaggi di posta elettronica, etc.), sono utilizzati al solo fine di eseguire il servizio o la prestazione richiesta e vengono comunicati a terzi nel solo caso in cui ci\u00f2 sia strettamente necessario per l\u2019esecuzione del servizio (spedizione di materiale, fornitura di assistenza, etc.).<\/p>\n<p>Specifiche informative di sintesi vengono riportate o visualizzate nelle pagine del Sito predisposte per i servizi a richiesta, in modo tale da richiamare l\u2019attenzione dell\u2019interessato sul trattamento dei suoi dati personali.<\/p>\n<p>A parte quanto sopra specificato per i dati di navigazione, il conferimento dei dati personali degli utenti \u00e8 facoltativo, ancorch\u00e9 funzionale alla fornitura di determinati servizi; in questi casi, pertanto, il mancato conferimento dei dati potrebbe compromettere o rendere impossibile l\u2019erogazione del servizio.<br \/>\nCookies<\/p>\n<p>Gli applicativi software utilizzati possono contenere la tecnologia \u201ccookie\u201d. I cookies hanno principalmente la funzione di agevolare la navigazione da parte dell\u2019utente. I cookies potranno fornire informazioni sulla navigazione all\u2019interno del Sito e permettere il funzionamento di alcuni servizi che richiedono l\u2019identificazione del percorso dell\u2019utente attraverso diverse pagine del Sito. I cookies presenti negli applicativi software utilizzati sono di tipo anonimo e non sono riconducibili ai dati personali dell\u2019utente. Per qualsiasi accesso al portale indipendentemente dalla presenza di un cookie, vengono registrati il tipo di browser (es. Internet Explorer, Netscape), il sistema operativo (es. Macintosh, Windows), l\u2019host e l\u2019URL di provenienza del visitatore, oltre ai dati sulla pagina richiesta. L\u2019utente ha comunque modo di impostare il proprio browser in modo da essere informato quando ricevete un cookie e decidere in questo modo di eliminarlo. Ulteriori informazioni sui cookies sono reperibili sui siti web dei forniti di browser.<\/p>\n<p>&#8220;I cookie poi si distinguono in &#8220;di sessione&#8221; e &#8220;persistenti&#8221;, i primi una volta scaricati vengono poi eliminati alla chiusura del Browser, i secondi invece vengono memorizzati sul disco rigido dell&#8217;utente\/visitatore fino alla loro scadenza. I cookie persistenti vengono utilizzati principalmente per facilitare la navigazione del sito, per capire quali sezioni del sito hanno generato un certo numero di pagine e utenti e anche per l&#8217;erogazione dei formati pubblicitari. In relazione ai messaggi pubblicitari Studio Pi\u00f9, come la maggior parte dei siti concorrenti, utilizza cookie generati da altri siti per erogare i formati pubblicitari. I cookie di sessione invece vengono principalmente utilizzati in fase di autenticazione, autorizzazione e navigazione nei servizi ai quali si accede tramite una registrazione&#8221;.<\/p>\n<p>I cookie possono essere di vario tipo, a seconda della tipologia dati che memorizzano e di quanto tempo restano memorizzati sul dispositivo dell\u2019utente.<\/p>\n<p>I cookie di sessione, o temporanei sono quelli scadono o vengono cancellati alla chiusura del browser, mentre quelli persistenti hanno scadenze pi\u00f9 lunghe (da pochi minuti a mesi interi) a seconda delle funzioni che svolgono. Sono proprio queste funzioni che distinguono i cookie in due categorie: tecnici e non tecnici (o di profilazione).<\/p>\n<p>I cookie tecnici gestiscono i dati necessari all\u2019erogazione delle pagine e facilitano la navigazione, permettendo, ad esempio, di non dover reinserire user e password per accedere a particolari servizi, di ricordare l\u2019ultima pagina visitata o fino a che punto si \u00e8 visto un video, di riconoscere il tipo di dispositivo in uso e di adattare le dimensioni delle immagini di conseguenza. I cookie tecnici consentono inoltre di effettuare analisi statistiche aggregate sulle pagine pi\u00f9 visitate e sulle preferenze degli utenti, ma solo in forma anonima, e non vengono utilizzati per analizzare il comportamento o le preferenze dei singoli utenti.<\/p>\n<p>I cookie di profilazione, invece, vengono utilizzati per analizzare gli interessi e le abitudini di navigazione dei singoli utenti, per personalizzarne la navigazione ed erogare, ad esempio, contenuti, anche pubblicitari, mirati a particolari interessi.<\/p>\n<p>I cookie possono essere erogati direttamente dal gestore del sito sul quale si sta navigando (cookie di prima parte) o, nel caso il sito si appoggi a servizi esterni per particolari funzioni, da terzi (cookie di terze parti).<\/p>\n<p>Studio Pi\u00f9 utilizza sulle sue pagine cookie sia tecnici che non tecnici, anche di terze parti, al fine di migliorare l\u2019esperienza sul proprio sito, adattandolo, ad esempio, a seconda del browser e del dispositivo in uso, selezionando la tipologia dei contenuti visualizzati, o esponendo pubblicit\u00e0 di potenziale interesse per il singolo utente.<\/p>\n<p>La navigazione sulle pagine di AStudio Pi\u00f9 prevede l\u2019utilizzo di cookie tecnici e non (questi ultimi detti anche \u201cdi profilazione\u201d), di prima e di terza parte, necessari all\u2019erogazione del servizio,\u00a0 utilizzati a fini statistici, di analisi della navigazione e per l\u2019erogazione di servizi e comunicazioni commerciali personalizzate.<\/p>\n<p>Se ti trovi sul sito Studio Pi\u00f9 e visualizzi il banner informativo dell\u2019esistenza dei cookie, se prosegui\u00a0 la navigazione sul sito,\u00a0 cliccando su qualsiasi elemento del sito o\u00a0 su un\u2019immagine o anche semplicemente scorrendo la pagina o chiudendo il layer informativo cliccando il tasto \u201cX\u201d, acconsenti all\u2019utilizzo dei cookie descritti in questa informativa e implementati nelle pagine del sito Studio Pi\u00f9.<\/p>\n<p>E\u2019 possibile disabilitare le funzioni dei cookie, sia di prime che di terze parti, direttamente dal browser che si sta utilizzando, secondo le istruzioni\u00a0 fornite dai relativi produttori, o utilizzando degli appositi programmi; tuttavia, Studio Pi\u00f9 desidera ricordare che la restrizione della capacit\u00e0 dei siti web di inviare i cookie pu\u00f2 peggiorare l\u2019esperienza di navigazione globale degli utenti.<\/p>\n<p>Il consenso alla ricezione dei cookie pu\u00f2 essere espresso anche mediante specifiche configurazioni del browser da parte degli utenti. La maggior parte dei browser permette di impostare regole per gestire i cookie inviati solo da alcuni o da tutti i siti, opzione che offre agli utenti un controllo pi\u00f9 preciso della privacy e di negare la possibilit\u00e0 di ricezione dei cookie stessi, o comunque di modificare le scelte precedentemente effettuate.<\/p>\n<p>Di seguito proponiamo i collegamenti alle istruzioni per i browser pi\u00f9 comuni:<\/p>\n<p>Microsoft Internet Explorer<br \/>\nGoogle Chrome<br \/>\nAppple Safari<br \/>\nMozilla Firefox<br \/>\nOpera<\/p>\n<p><strong>Cookie di terze parti<\/strong><\/p>\n<p>Durante la navigazione sulle pagine dei siti del Network Studio Pi\u00f9, per fini statistici o di profilazione per l\u2019erogazione di pubblicit\u00e0, potrebbero essere rilasciati cookie non tecnici gestiti da terze parti e non direttamente da Studio Pi\u00f9.<\/p>\n<p>A seguire l\u2019elenco delle terze parti coinvolte con i link alle relative politiche di gestione.<\/p>\n<p>Google Analytics \u2013 Cookie statistici<br \/>\nhttp:\/\/www.google.com\/policies\/technologies\/cookies\/<br \/>\nWebtrekk \u2013 Cookie statistici<br \/>\nhttps:\/\/www.webtrekk.com\/en\/index\/opt-out-webtrekk\/<br \/>\nNielsen \u2013 Cookie statistici<br \/>\nhttp:\/\/www.nielsen.com\/it\/it\/privacy-policy\/cookies.html<br \/>\nDotnAds \u2013 Cookie di profilazione<br \/>\nhttp:\/\/it.privacy.dotandmedia.com<br \/>\nNeodata \u2013 Cookie di profilazione<br \/>\nhttp:\/\/www.neodatagroup.com\/it\/data-security\/neodata-services-privacy-policy\/<br \/>\n4w MarketPlace for Publishers \u2013 Cookie di profilazione<br \/>\nhttp:\/\/www.4wmarketplace.com\/it\/page\/read\/privacy-policy\/<br \/>\nVeesible &#8211; Cookie di profilazione<br \/>\nhttp:\/\/www.veesible.it\/privacy\/<br \/>\nFacebook &#8211; Cookie di profilazione<br \/>\nhttps:\/\/www.facebook.com\/help\/cookies?ref_type=sitefooter<br \/>\nTwitter &#8211; Cookie di profilazione<br \/>\nhttps:\/\/support.twitter.com\/articles\/20170519-uso-dei-cookie-e-di-altre-tecnologie-simili-da-parte-di-twitter#<br \/>\nGoogle+ &#8211; Cookie di profilazione<br \/>\nhttps:\/\/www.google.com\/intl\/it_ALL\/policies\/privacy\/<br \/>\nLinkedin &#8211; Cookie di profilazione<br \/>\nhttps:\/\/www.linkedin.com\/legal\/cookie-policy<br \/>\nPinterest &#8211; Cookie di profilazione<br \/>\nhttps:\/\/help.pinterest.com\/en\/articles\/personalization-and-data-other-websites<\/p>\n<p>Per ulteriori informazioni e per disattivare i cookie di terze parti: http:\/\/www.youronlinechoices.com\/ch-it\/<\/p>\n<p><strong>Luogo e modalit\u00e0 del trattamento dei dati<br \/>\n<\/strong><br \/>\nAi sensi dell&#8217;art. 7 del Codice della Privacy l\u2019utente ha il diritto di ottenere: 1) la conferma dell&#8217;esistenza o meno di dati personali che lo riguardano, anche se non ancora registrati, e la loro comunicazione in forma intelligibile; 2) l&#8217;indicazione: a) dell&#8217;origine dei dati personali; b) delle finalit\u00e0 e modalit\u00e0 del trattamento; c) della logica applicata in caso di trattamento effettuato con l&#8217;ausilio di strumenti elettronici; d) degli estremi identificativi del titolare, dei responsabili e del rappresentante designato ai sensi dell&#8217;articolo 5, comma 2, del medesimo codice; e) dei soggetti o delle categorie di soggetti ai quali i dati personali possono essere comunicati o che possono venirne a conoscenza in qualit\u00e0 di rappresentante designato nel territorio dello Stato, di responsabili o incaricati; 3) a) l&#8217;aggiornamento, la rettificazione ovvero, quando vi ha interesse, l&#8217;integrazione dei dati; b) la cancellazione, la trasformazione in forma anonima o il blocco dei dati trattati in violazione di legge, compresi quelli di cui non \u00e8 necessaria la conservazione in relazione agli scopi per i quali i dati sono stati raccolti o successivamente trattati; c) l&#8217;attestazione che le operazioni di cui alle lettere a) e b) sono state portate a conoscenza, anche per quanto riguarda il loro contenuto, di coloro ai quali i dati sono stati comunicati o diffusi, eccettuato il caso in cui tale adempimento si rivela impossibile o comporta un impiego di mezzi manifestamente sproporzionato rispetto al diritto tutelato. 4) L&#8217;interessato ha diritto di opporsi, in tutto o in parte: a) per motivi legittimi al trattamento dei dati personali che lo riguardano, ancorch\u00e9 pertinenti allo scopo della raccolta; b) al trattamento di dati personali che lo riguardano a fini di invio di materiale pubblicitario o di vendita diretta o per il compimento di ricerche di mercato o di comunicazione commerciale.<\/p>\n<p>Tutti i diritti di cui al sopra indicato art. 7 del Codice della privacy possono essere esercitati dall\u2019utente contattando per iscritto Studio Pi\u00f9, al seguente indirizzo:<br \/>\nRadio Studio Piu S.r.l. Via Monte Mario 2 &#8211; 25015 Desenzano del Garda (BS) &#8211; Italy &#8211; P.I. 01950050987<\/p>\n<p>Il Titolare del trattamento dei dati personali trattati dall\u2019Studio Pi\u00f9 \u00e8:<br \/>\nRadio Studio Piu S.r.l. Via Monte Mario 2 &#8211; 25015 Desenzano del Garda (BS) &#8211; Italy &#8211; P.I. 01950050987<\/p>\n","protected":false},"excerpt":{"rendered":"<p>L\u2019Radio Studio Pi\u00f9 S.r.l. (di seguito, Studio Pi\u00f9) manifesta il proprio impegno e la propria attenzione al trattamento dei dati personali degli utenti del sito web di seguito, il Sito, attraverso l\u2019adozione di una politica di riservatezza dei dati personali conforme alla disciplina del vigente Codice in materia di protezione dei dati personali (di seguito, [&hellip;]<\/p>\n","protected":false},"author":2,"featured_media":0,"parent":0,"menu_order":0,"comment_status":"closed","ping_status":"closed","template":"","meta":{"footnotes":""},"_links":{"self":[{"href":"https:\/\/www.studiopiu.net\/wordpressnew\/wp-json\/wp\/v2\/pages\/496"}],"collection":[{"href":"https:\/\/www.studiopiu.net\/wordpressnew\/wp-json\/wp\/v2\/pages"}],"about":[{"href":"https:\/\/www.studiopiu.net\/wordpressnew\/wp-json\/wp\/v2\/types\/page"}],"author":[{"embeddable":true,"href":"https:\/\/www.studiopiu.net\/wordpressnew\/wp-json\/wp\/v2\/users\/2"}],"replies":[{"embeddable":true,"href":"https:\/\/www.studiopiu.net\/wordpressnew\/wp-json\/wp\/v2\/comments?post=496"}],"version-history":[{"count":3,"href":"https:\/\/www.studiopiu.net\/wordpressnew\/wp-json\/wp\/v2\/pages\/496\/revisions"}],"predecessor-version":[{"id":3530,"href":"https:\/\/www.studiopiu.net\/wordpressnew\/wp-json\/wp\/v2\/pages\/496\/revisions\/3530"}],"wp:attachment":[{"href":"https:\/\/www.studiopiu.net\/wordpressnew\/wp-json\/wp\/v2\/media?parent=496"}],"curies":[{"name":"wp","href":"https:\/\/api.w.org\/{rel}","templated":true}]}}